{"id":18672,"date":"2022-02-23T16:49:42","date_gmt":"2022-02-23T16:49:42","guid":{"rendered":"https:\/\/elmanzar.com\/?page_id=18672"},"modified":"2022-02-23T16:55:50","modified_gmt":"2022-02-23T16:55:50","slug":"conditions-generales-reservation","status":"publish","type":"page","link":"https:\/\/elmanzar.com\/fr\/conditions-generales-reservation\/","title":{"rendered":"Conditions g\u00e9n\u00e9rales de r\u00e9servation &#8211; FAQ"},"content":{"rendered":"\t\t<div data-elementor-type=\"wp-page\" data-elementor-id=\"18672\" class=\"elementor elementor-18672\">\n\t\t\t\t\t\t<div class=\"elementor-inner\">\n\t\t\t\t<div class=\"elementor-section-wrap\">\n\t\t\t\t\t\t\t\t\t<section class=\"elementor-section elementor-top-section elementor-element elementor-element-2e1c8b6c elementor-section-full_width elementor-section-height-default elementor-section-height-default qodef-elementor-content-no\" data-id=\"2e1c8b6c\" data-element_type=\"section\">\n\t\t\t\t\t\t<div class=\"elementor-container elementor-column-gap-default\">\n\t\t\t\t\t\t\t<div class=\"elementor-row\">\n\t\t\t\t\t<div class=\"elementor-column elementor-col-100 elementor-top-column elementor-element elementor-element-58a82f0d\" data-id=\"58a82f0d\" data-element_type=\"column\">\n\t\t\t<div class=\"elementor-column-wrap elementor-element-populated\">\n\t\t\t\t\t\t\t<div class=\"elementor-widget-wrap\">\n\t\t\t\t\t\t<div class=\"elementor-element elementor-element-3ec782f8 elementor-widget elementor-widget-heading\" data-id=\"3ec782f8\" data-element_type=\"widget\" data-widget_type=\"heading.default\">\n\t\t\t\t<div class=\"elementor-widget-container\">\n\t\t\t<h4 class=\"elementor-heading-title elementor-size-default\">EL MANZAR - Chez Sophie<\/h4>\t\t<\/div>\n\t\t\t\t<\/div>\n\t\t\t\t<div class=\"elementor-element elementor-element-1bcd8baa sstitremg224 elementor-widget elementor-widget-heading\" data-id=\"1bcd8baa\" data-element_type=\"widget\" data-widget_type=\"heading.default\">\n\t\t\t\t<div class=\"elementor-widget-container\">\n\t\t\t<h3 class=\"elementor-heading-title elementor-size-default\">PAGE EN MAINTENANCE<\/h3>\t\t<\/div>\n\t\t\t\t<\/div>\n\t\t\t\t<div class=\"elementor-element elementor-element-63baefb0 sstitremg223 elementor-widget elementor-widget-text-editor\" data-id=\"63baefb0\" data-element_type=\"widget\" data-widget_type=\"text-editor.default\">\n\t\t\t\t<div class=\"elementor-widget-container\">\n\t\t\t\t\t\t\t\t<div class=\"elementor-text-editor elementor-clearfix\">\n\t\t\t\t<p>Afin d\u2019am\u00e9liorer nos services, cette page est momentan\u00e9ment indisponible. Veuillez nous excuser pour la g\u00eane occasionn\u00e9e.<\/p>\t\t\t\t\t<\/div>\n\t\t\t\t\t\t<\/div>\n\t\t\t\t<\/div>\n\t\t\t\t\t\t<\/div>\n\t\t\t\t\t<\/div>\n\t\t<\/div>\n\t\t\t\t\t\t\t\t<\/div>\n\t\t\t\t\t<\/div>\n\t\t<\/section>\n\t\t\t\t<section class=\"elementor-section elementor-top-section elementor-element elementor-element-545afe5f elementor-section-full_width elementor-section-height-min-height elementor-section-height-default elementor-section-items-middle qodef-elementor-content-no\" data-id=\"545afe5f\" data-element_type=\"section\" data-settings=\"{&quot;background_background&quot;:&quot;classic&quot;}\">\n\t\t\t\t\t\t\t<div class=\"elementor-background-overlay\"><\/div>\n\t\t\t\t\t\t\t<div class=\"elementor-container elementor-column-gap-default\">\n\t\t\t\t\t\t\t<div class=\"elementor-row\">\n\t\t\t\t\t<div class=\"elementor-column elementor-col-100 elementor-top-column elementor-element elementor-element-7ff20715\" data-id=\"7ff20715\" data-element_type=\"column\">\n\t\t\t<div class=\"elementor-column-wrap elementor-element-populated\">\n\t\t\t\t\t\t\t<div class=\"elementor-widget-wrap\">\n\t\t\t\t\t\t<div class=\"elementor-element elementor-element-2554dce6 sstitremg224 elementor-widget elementor-widget-heading\" data-id=\"2554dce6\" data-element_type=\"widget\" data-widget_type=\"heading.default\">\n\t\t\t\t<div class=\"elementor-widget-container\">\n\t\t\t<h3 class=\"elementor-heading-title elementor-size-default\">Commencez votre voyage<\/h3>\t\t<\/div>\n\t\t\t\t<\/div>\n\t\t\t\t<div class=\"elementor-element elementor-element-64032628 sstitremg224 elementor-widget elementor-widget-text-editor\" data-id=\"64032628\" data-element_type=\"widget\" data-widget_type=\"text-editor.default\">\n\t\t\t\t<div class=\"elementor-widget-container\">\n\t\t\t\t\t\t\t\t<div class=\"elementor-text-editor elementor-clearfix\">\n\t\t\t\t<p>R\u00e9servez votre s\u00e9jour directement avec les meilleurs tarifs disponibles<\/p>\t\t\t\t\t<\/div>\n\t\t\t\t\t\t<\/div>\n\t\t\t\t<\/div>\n\t\t\t\t<div class=\"elementor-element elementor-element-4dc3a003 elementor-align-center open-searchbox-01 elementor-widget elementor-widget-button\" data-id=\"4dc3a003\" data-element_type=\"widget\" data-widget_type=\"button.default\">\n\t\t\t\t<div class=\"elementor-widget-container\">\n\t\t\t\t\t<div class=\"elementor-button-wrapper\">\n\t\t\t<a href=\"#\" class=\"elementor-button-link elementor-button elementor-size-sm\" role=\"button\" id=\"open-searchbox-01\">\n\t\t\t\t\t\t<span class=\"elementor-button-content-wrapper\">\n\t\t\t\t\t\t<span class=\"elementor-button-text\">R\u00e9server en ligne<\/span>\n\t\t<\/span>\n\t\t\t\t\t<\/a>\n\t\t<\/div>\n\t\t\t\t<\/div>\n\t\t\t\t<\/div>\n\t\t\t\t\t\t<\/div>\n\t\t\t\t\t<\/div>\n\t\t<\/div>\n\t\t\t\t\t\t\t\t<\/div>\n\t\t\t\t\t<\/div>\n\t\t<\/section>\n\t\t\t\t\t\t\t\t\t<\/div>\n\t\t\t<\/div>\n\t\t\t\t\t<\/div>\n\t\t","protected":false},"excerpt":{"rendered":"<p>EL MANZAR &#8211; Chez Sophie PAGE EN MAINTENANCE Afin d\u2019am\u00e9liorer nos services, cette page est momentan\u00e9ment indisponible. Veuillez nous excuser pour la g\u00eane occasionn\u00e9e. Commencez votre voyage R\u00e9servez votre s\u00e9jour directement avec les meilleurs tarifs disponibles R\u00e9server en ligne<\/p>\n","protected":false},"author":2,"featured_media":0,"parent":0,"menu_order":0,"comment_status":"closed","ping_status":"closed","template":"","meta":{"_monsterinsights_skip_tracking":false,"_monsterinsights_sitenote_active":false,"_monsterinsights_sitenote_note":"","_monsterinsights_sitenote_category":0},"_links":{"self":[{"href":"https:\/\/elmanzar.com\/fr\/wp-json\/wp\/v2\/pages\/18672"}],"collection":[{"href":"https:\/\/elmanzar.com\/fr\/wp-json\/wp\/v2\/pages"}],"about":[{"href":"https:\/\/elmanzar.com\/fr\/wp-json\/wp\/v2\/types\/page"}],"author":[{"embeddable":true,"href":"https:\/\/elmanzar.com\/fr\/wp-json\/wp\/v2\/users\/2"}],"replies":[{"embeddable":true,"href":"https:\/\/elmanzar.com\/fr\/wp-json\/wp\/v2\/comments?post=18672"}],"version-history":[{"count":4,"href":"https:\/\/elmanzar.com\/fr\/wp-json\/wp\/v2\/pages\/18672\/revisions"}],"predecessor-version":[{"id":18685,"href":"https:\/\/elmanzar.com\/fr\/wp-json\/wp\/v2\/pages\/18672\/revisions\/18685"}],"wp:attachment":[{"href":"https:\/\/elmanzar.com\/fr\/wp-json\/wp\/v2\/media?parent=18672"}],"curies":[{"name":"wp","href":"https:\/\/api.w.org\/{rel}","templated":true}]}}